{"id":970,"date":"2022-01-19T11:56:13","date_gmt":"2022-01-19T11:56:13","guid":{"rendered":"http:\/\/joltexlda.pt\/?post_type=product&#038;p=970"},"modified":"2022-07-14T14:38:38","modified_gmt":"2022-07-14T13:38:38","slug":"ref-50638","status":"publish","type":"product","link":"https:\/\/joltexlda.pt\/en\/product\/ref-50638\/","title":{"rendered":"REF. 50638"},"content":{"rendered":"<p>Composi\u00e7\u00e3o: 47% VI Reciclada 2% VI 51% VI Ecovero<br \/>\nLargura: 140 cm<br \/>\nPeso: 90 gr\/m\u00b2<\/p>","protected":false},"excerpt":{"rendered":"<p>Composition: 47%Recycled VI 2% VI 51%VI Ecovero Width: 140 cm Weight: 90 gr\/m\u00b2<\/p>","protected":false},"featured_media":971,"comment_status":"open","ping_status":"closed","template":"","meta":[],"product_cat":[155,154],"product_tag":[],"yoast_head":"<!-- This site is optimized with the Yoast SEO plugin v18.2 - https:\/\/yoast.com\/wordpress\/plugins\/seo\/ -->\n<title>REF. 50638 - Joltex - Joaquim Lima, Lda.<\/title>\n<meta name=\"robots\" content=\"index, follow, max-snippet:-1, max-image-preview:large, max-video-preview:-1\" \/>\n<link rel=\"canonical\" href=\"https:\/\/joltexlda.pt\/en\/product\/ref-50638\/\" \/>\n<meta property=\"og:locale\" content=\"en_GB\" \/>\n<meta property=\"og:type\" content=\"article\" \/>\n<meta property=\"og:title\" content=\"REF. 50638 - Joltex - Joaquim Lima, Lda.\" \/>\n<meta property=\"og:description\" content=\"Composi\u00e7\u00e3o: 47% VI Reciclada 2% VI 51% VI Ecovero Largura: 140 cm Peso: 90 gr\/m\u00b2\" \/>\n<meta property=\"og:url\" content=\"https:\/\/joltexlda.pt\/en\/product\/ref-50638\/\" \/>\n<meta property=\"og:site_name\" content=\"Joltex - Joaquim Lima, Lda.\" \/>\n<meta property=\"article:modified_time\" content=\"2022-07-14T13:38:38+00:00\" \/>\n<meta property=\"og:image\" content=\"http:\/\/joltexlda.pt\/wp-content\/uploads\/2022\/01\/50638-3.jpg\" \/>\n\t<meta property=\"og:image:width\" content=\"2500\" \/>\n\t<meta property=\"og:image:height\" content=\"2500\" \/>\n\t<meta property=\"og:image:type\" content=\"image\/jpeg\" \/>\n<meta name=\"twitter:card\" content=\"summary_large_image\" \/>\n<meta name=\"twitter:label1\" content=\"Estimated reading time\" \/>\n\t<meta name=\"twitter:data1\" content=\"1 minute\" \/>\n<script type=\"application\/ld+json\" class=\"yoast-schema-graph\">{\"@context\":\"https:\/\/schema.org\",\"@graph\":[{\"@type\":\"WebSite\",\"@id\":\"https:\/\/joltexlda.pt\/#website\",\"url\":\"https:\/\/joltexlda.pt\/\",\"name\":\"Joltex - Joaquim Lima, Lda.\",\"description\":\"Com\u00e9rcio de Tecidos: Importa\u00e7\u00e3o e Exporta\u00e7\u00e3o\",\"potentialAction\":[{\"@type\":\"SearchAction\",\"target\":{\"@type\":\"EntryPoint\",\"urlTemplate\":\"https:\/\/joltexlda.pt\/?s={search_term_string}\"},\"query-input\":\"required name=search_term_string\"}],\"inLanguage\":\"en-GB\"},{\"@type\":\"ImageObject\",\"@id\":\"https:\/\/joltexlda.pt\/produto\/ref-50638\/#primaryimage\",\"inLanguage\":\"en-GB\",\"url\":\"https:\/\/joltexlda.pt\/wp-content\/uploads\/2022\/01\/50638-3.jpg\",\"contentUrl\":\"https:\/\/joltexlda.pt\/wp-content\/uploads\/2022\/01\/50638-3.jpg\",\"width\":2500,\"height\":2500},{\"@type\":\"WebPage\",\"@id\":\"https:\/\/joltexlda.pt\/produto\/ref-50638\/#webpage\",\"url\":\"https:\/\/joltexlda.pt\/produto\/ref-50638\/\",\"name\":\"REF. 50638 - Joltex - Joaquim Lima, Lda.\",\"isPartOf\":{\"@id\":\"https:\/\/joltexlda.pt\/#website\"},\"primaryImageOfPage\":{\"@id\":\"https:\/\/joltexlda.pt\/produto\/ref-50638\/#primaryimage\"},\"datePublished\":\"2022-01-19T11:56:13+00:00\",\"dateModified\":\"2022-07-14T13:38:38+00:00\",\"breadcrumb\":{\"@id\":\"https:\/\/joltexlda.pt\/produto\/ref-50638\/#breadcrumb\"},\"inLanguage\":\"en-GB\",\"potentialAction\":[{\"@type\":\"ReadAction\",\"target\":[\"https:\/\/joltexlda.pt\/produto\/ref-50638\/\"]}]},{\"@type\":\"BreadcrumbList\",\"@id\":\"https:\/\/joltexlda.pt\/produto\/ref-50638\/#breadcrumb\",\"itemListElement\":[{\"@type\":\"ListItem\",\"position\":1,\"name\":\"Cat\u00e1logo Virtual\",\"item\":\"https:\/\/joltexlda.pt\/catalogo-virtual\/\"},{\"@type\":\"ListItem\",\"position\":2,\"name\":\"REF. 50638\"}]}]}<\/script>\n<!-- \/ Yoast SEO plugin. -->","yoast_head_json":{"title":"REF. 50638 - Joltex - Joaquim Lima, Lda.","robots":{"index":"index","follow":"follow","max-snippet":"max-snippet:-1","max-image-preview":"max-image-preview:large","max-video-preview":"max-video-preview:-1"},"canonical":"https:\/\/joltexlda.pt\/en\/product\/ref-50638\/","og_locale":"en_GB","og_type":"article","og_title":"REF. 50638 - Joltex - Joaquim Lima, Lda.","og_description":"Composi\u00e7\u00e3o: 47% VI Reciclada 2% VI 51% VI Ecovero Largura: 140 cm Peso: 90 gr\/m\u00b2","og_url":"https:\/\/joltexlda.pt\/en\/product\/ref-50638\/","og_site_name":"Joltex - Joaquim Lima, Lda.","article_modified_time":"2022-07-14T13:38:38+00:00","og_image":[{"width":2500,"height":2500,"url":"http:\/\/joltexlda.pt\/wp-content\/uploads\/2022\/01\/50638-3.jpg","type":"image\/jpeg"}],"twitter_card":"summary_large_image","twitter_misc":{"Estimated reading time":"1 minute"},"schema":{"@context":"https:\/\/schema.org","@graph":[{"@type":"WebSite","@id":"https:\/\/joltexlda.pt\/#website","url":"https:\/\/joltexlda.pt\/","name":"Joltex - Joaquim Lima, Lda.","description":"Textiles: Import and Export Trade","potentialAction":[{"@type":"SearchAction","target":{"@type":"EntryPoint","urlTemplate":"https:\/\/joltexlda.pt\/?s={search_term_string}"},"query-input":"required name=search_term_string"}],"inLanguage":"en-GB"},{"@type":"ImageObject","@id":"https:\/\/joltexlda.pt\/produto\/ref-50638\/#primaryimage","inLanguage":"en-GB","url":"https:\/\/joltexlda.pt\/wp-content\/uploads\/2022\/01\/50638-3.jpg","contentUrl":"https:\/\/joltexlda.pt\/wp-content\/uploads\/2022\/01\/50638-3.jpg","width":2500,"height":2500},{"@type":"WebPage","@id":"https:\/\/joltexlda.pt\/produto\/ref-50638\/#webpage","url":"https:\/\/joltexlda.pt\/produto\/ref-50638\/","name":"REF. 50638 - Joltex - Joaquim Lima, Lda.","isPartOf":{"@id":"https:\/\/joltexlda.pt\/#website"},"primaryImageOfPage":{"@id":"https:\/\/joltexlda.pt\/produto\/ref-50638\/#primaryimage"},"datePublished":"2022-01-19T11:56:13+00:00","dateModified":"2022-07-14T13:38:38+00:00","breadcrumb":{"@id":"https:\/\/joltexlda.pt\/produto\/ref-50638\/#breadcrumb"},"inLanguage":"en-GB","potentialAction":[{"@type":"ReadAction","target":["https:\/\/joltexlda.pt\/produto\/ref-50638\/"]}]},{"@type":"BreadcrumbList","@id":"https:\/\/joltexlda.pt\/produto\/ref-50638\/#breadcrumb","itemListElement":[{"@type":"ListItem","position":1,"name":"Cat\u00e1logo Virtual","item":"https:\/\/joltexlda.pt\/catalogo-virtual\/"},{"@type":"ListItem","position":2,"name":"REF. 50638"}]}]}},"post_mailing_queue_ids":[],"_links":{"self":[{"href":"https:\/\/joltexlda.pt\/en\/wp-json\/wp\/v2\/product\/970"}],"collection":[{"href":"https:\/\/joltexlda.pt\/en\/wp-json\/wp\/v2\/product"}],"about":[{"href":"https:\/\/joltexlda.pt\/en\/wp-json\/wp\/v2\/types\/product"}],"replies":[{"embeddable":true,"href":"https:\/\/joltexlda.pt\/en\/wp-json\/wp\/v2\/comments?post=970"}],"wp:featuredmedia":[{"embeddable":true,"href":"https:\/\/joltexlda.pt\/en\/wp-json\/wp\/v2\/media\/971"}],"wp:attachment":[{"href":"https:\/\/joltexlda.pt\/en\/wp-json\/wp\/v2\/media?parent=970"}],"wp:term":[{"taxonomy":"product_cat","embeddable":true,"href":"https:\/\/joltexlda.pt\/en\/wp-json\/wp\/v2\/product_cat?post=970"},{"taxonomy":"product_tag","embeddable":true,"href":"https:\/\/joltexlda.pt\/en\/wp-json\/wp\/v2\/product_tag?post=970"}],"curies":[{"name":"wp","href":"https:\/\/api.w.org\/{rel}","templated":true}]}}