{"id":82,"date":"2021-01-23T16:13:53","date_gmt":"2021-01-23T19:13:53","guid":{"rendered":"https:\/\/joltex.pt\/?page_id=82"},"modified":"2023-07-10T10:52:21","modified_gmt":"2023-07-10T09:52:21","slug":"sobre-nos","status":"publish","type":"page","link":"https:\/\/joltexlda.pt\/en\/sobre-nos\/","title":{"rendered":"About Us"},"content":{"rendered":"<p class=\"translation-block\">JOLTEX with more than 25 years of experience in the textile world is a reference in the market of trading fabric clothing.\nWe believe in hard work. We work daily to produce values beyond the profits, focusing and placing our clients in the center of everything we do.\nWe distinguish ourselves by our competitive prices without sacrificing the durability and comfort of our products.\nPerfect finishing\u2019s and exclusive details to best serve your projects. \u201cVisit us! Together we will make fashion happen.\u201d<\/p>\n\n\n\n<figure class=\"wp-block-image size-large is-style-default\"><img decoding=\"async\" loading=\"lazy\" width=\"1024\" height=\"436\" src=\"http:\/\/joltexlda.pt\/wp-content\/uploads\/2021\/07\/showroom-1024x436.jpg\" alt=\"\" class=\"wp-image-248\" srcset=\"https:\/\/joltexlda.pt\/wp-content\/uploads\/2021\/07\/showroom-1024x436.jpg 1024w, https:\/\/joltexlda.pt\/wp-content\/uploads\/2021\/07\/showroom-300x128.jpg 300w, https:\/\/joltexlda.pt\/wp-content\/uploads\/2021\/07\/showroom-768x327.jpg 768w, https:\/\/joltexlda.pt\/wp-content\/uploads\/2021\/07\/showroom-1536x653.jpg 1536w, https:\/\/joltexlda.pt\/wp-content\/uploads\/2021\/07\/showroom-2048x871.jpg 2048w, https:\/\/joltexlda.pt\/wp-content\/uploads\/2021\/07\/showroom-16x7.jpg 16w, https:\/\/joltexlda.pt\/wp-content\/uploads\/2021\/07\/showroom-1200x510.jpg 1200w, https:\/\/joltexlda.pt\/wp-content\/uploads\/2021\/07\/showroom-1980x842.jpg 1980w, https:\/\/joltexlda.pt\/wp-content\/uploads\/2021\/07\/showroom-600x255.jpg 600w\" sizes=\"(max-width: 1024px) 100vw, 1024px\" \/><\/figure>\n\n\n<div class=\"wp-block-image is-style-default\">\n<figure class=\"aligncenter size-full\"><a href=\"https:\/\/joltexlda.pt\/wp-content\/uploads\/2023\/07\/Logos_Sustentaveis_Joltex_v3.1.png\"><img decoding=\"async\" loading=\"lazy\" width=\"579\" height=\"176\" src=\"https:\/\/joltexlda.pt\/wp-content\/uploads\/2023\/07\/Logos_Sustentaveis_Joltex_v3.1.png\" alt=\"\" class=\"wp-image-1634\" srcset=\"https:\/\/joltexlda.pt\/wp-content\/uploads\/2023\/07\/Logos_Sustentaveis_Joltex_v3.1.png 579w, https:\/\/joltexlda.pt\/wp-content\/uploads\/2023\/07\/Logos_Sustentaveis_Joltex_v3.1-300x91.png 300w, https:\/\/joltexlda.pt\/wp-content\/uploads\/2023\/07\/Logos_Sustentaveis_Joltex_v3.1-18x5.png 18w\" sizes=\"(max-width: 579px) 100vw, 579px\" \/><\/a><\/figure><\/div>\n\n\n<p><\/p>","protected":false},"excerpt":{"rendered":"<p>A JOLTEX com mais de 25 anos de experi\u00eancia no mercado T\u00eaxtil afirma-se como uma refer\u00eancia no com\u00e9rcio de artigos para vestu\u00e1rio.Trabalha diariamente para criar valor para al\u00e9m do lucro, colocando os clientes no centro de tudo o que produz.Distingue-se pela competitividade de or\u00e7amentos, sem nunca sacrificar a durabilidade e o conforto dos artigos que [&hellip;]<\/p>","protected":false},"author":1,"featured_media":0,"parent":0,"menu_order":0,"comment_status":"closed","ping_status":"closed","template":"about-template.php","meta":[],"yoast_head":"<!-- This site is optimized with the Yoast SEO plugin v18.2 - https:\/\/yoast.com\/wordpress\/plugins\/seo\/ -->\n<title>Sobre a Joltex | 25 anos de experi\u00eancia no Com\u00e9rcio de Tecidos<\/title>\n<meta name=\"description\" content=\"A JOLTEX com mais de 25 anos de experi\u00eancia no mercado T\u00eaxtil afirma-se como uma refer\u00eancia no com\u00e9rcio de artigos para vestu\u00e1rio.\" \/>\n<meta name=\"robots\" content=\"index, follow, max-snippet:-1, max-image-preview:large, max-video-preview:-1\" \/>\n<link rel=\"canonical\" href=\"https:\/\/joltexlda.pt\/en\/sobre-nos\/\" \/>\n<meta property=\"og:locale\" content=\"en_GB\" \/>\n<meta property=\"og:type\" content=\"article\" \/>\n<meta property=\"og:title\" content=\"Sobre a Joltex | 25 anos de experi\u00eancia no Com\u00e9rcio de Tecidos\" \/>\n<meta property=\"og:description\" content=\"A JOLTEX com mais de 25 anos de experi\u00eancia no mercado T\u00eaxtil afirma-se como uma refer\u00eancia no com\u00e9rcio de artigos para vestu\u00e1rio.\" \/>\n<meta property=\"og:url\" content=\"https:\/\/joltexlda.pt\/en\/sobre-nos\/\" \/>\n<meta property=\"og:site_name\" content=\"Joltex - Joaquim Lima, Lda.\" \/>\n<meta property=\"article:modified_time\" content=\"2023-07-10T09:52:21+00:00\" \/>\n<meta property=\"og:image\" content=\"http:\/\/joltexlda.pt\/wp-content\/uploads\/2021\/07\/showroom-1024x436.jpg\" \/>\n<meta name=\"twitter:card\" content=\"summary_large_image\" \/>\n<meta name=\"twitter:label1\" content=\"Estimated reading time\" \/>\n\t<meta name=\"twitter:data1\" content=\"1 minute\" \/>\n<script type=\"application\/ld+json\" class=\"yoast-schema-graph\">{\"@context\":\"https:\/\/schema.org\",\"@graph\":[{\"@type\":\"WebSite\",\"@id\":\"https:\/\/joltexlda.pt\/#website\",\"url\":\"https:\/\/joltexlda.pt\/\",\"name\":\"Joltex - Joaquim Lima, Lda.\",\"description\":\"Com\u00e9rcio de Tecidos: Importa\u00e7\u00e3o e Exporta\u00e7\u00e3o\",\"potentialAction\":[{\"@type\":\"SearchAction\",\"target\":{\"@type\":\"EntryPoint\",\"urlTemplate\":\"https:\/\/joltexlda.pt\/?s={search_term_string}\"},\"query-input\":\"required name=search_term_string\"}],\"inLanguage\":\"en-GB\"},{\"@type\":\"ImageObject\",\"@id\":\"https:\/\/joltexlda.pt\/sobre-nos\/#primaryimage\",\"inLanguage\":\"en-GB\",\"url\":\"http:\/\/joltexlda.pt\/wp-content\/uploads\/2021\/07\/showroom-1024x436.jpg\",\"contentUrl\":\"http:\/\/joltexlda.pt\/wp-content\/uploads\/2021\/07\/showroom-1024x436.jpg\"},{\"@type\":\"WebPage\",\"@id\":\"https:\/\/joltexlda.pt\/sobre-nos\/#webpage\",\"url\":\"https:\/\/joltexlda.pt\/sobre-nos\/\",\"name\":\"Sobre a Joltex | 25 anos de experi\u00eancia no Com\u00e9rcio de Tecidos\",\"isPartOf\":{\"@id\":\"https:\/\/joltexlda.pt\/#website\"},\"primaryImageOfPage\":{\"@id\":\"https:\/\/joltexlda.pt\/sobre-nos\/#primaryimage\"},\"datePublished\":\"2021-01-23T19:13:53+00:00\",\"dateModified\":\"2023-07-10T09:52:21+00:00\",\"description\":\"A JOLTEX com mais de 25 anos de experi\u00eancia no mercado T\u00eaxtil afirma-se como uma refer\u00eancia no com\u00e9rcio de artigos para vestu\u00e1rio.\",\"breadcrumb\":{\"@id\":\"https:\/\/joltexlda.pt\/sobre-nos\/#breadcrumb\"},\"inLanguage\":\"en-GB\",\"potentialAction\":[{\"@type\":\"ReadAction\",\"target\":[\"https:\/\/joltexlda.pt\/sobre-nos\/\"]}]},{\"@type\":\"BreadcrumbList\",\"@id\":\"https:\/\/joltexlda.pt\/sobre-nos\/#breadcrumb\",\"itemListElement\":[{\"@type\":\"ListItem\",\"position\":1,\"name\":\"Sobre N\u00f3s\"}]}]}<\/script>\n<!-- \/ Yoast SEO plugin. -->","yoast_head_json":{"title":"Sobre a Joltex | 25 anos de experi\u00eancia no Com\u00e9rcio de Tecidos","description":"A JOLTEX com mais de 25 anos de experi\u00eancia no mercado T\u00eaxtil afirma-se como uma refer\u00eancia no com\u00e9rcio de artigos para vestu\u00e1rio.","robots":{"index":"index","follow":"follow","max-snippet":"max-snippet:-1","max-image-preview":"max-image-preview:large","max-video-preview":"max-video-preview:-1"},"canonical":"https:\/\/joltexlda.pt\/en\/sobre-nos\/","og_locale":"en_GB","og_type":"article","og_title":"Sobre a Joltex | 25 anos de experi\u00eancia no Com\u00e9rcio de Tecidos","og_description":"A JOLTEX com mais de 25 anos de experi\u00eancia no mercado T\u00eaxtil afirma-se como uma refer\u00eancia no com\u00e9rcio de artigos para vestu\u00e1rio.","og_url":"https:\/\/joltexlda.pt\/en\/sobre-nos\/","og_site_name":"Joltex - Joaquim Lima, Lda.","article_modified_time":"2023-07-10T09:52:21+00:00","og_image":[{"url":"http:\/\/joltexlda.pt\/wp-content\/uploads\/2021\/07\/showroom-1024x436.jpg"}],"twitter_card":"summary_large_image","twitter_misc":{"Estimated reading time":"1 minute"},"schema":{"@context":"https:\/\/schema.org","@graph":[{"@type":"WebSite","@id":"https:\/\/joltexlda.pt\/#website","url":"https:\/\/joltexlda.pt\/","name":"Joltex - Joaquim Lima, Lda.","description":"Textiles: Import and Export Trade","potentialAction":[{"@type":"SearchAction","target":{"@type":"EntryPoint","urlTemplate":"https:\/\/joltexlda.pt\/?s={search_term_string}"},"query-input":"required name=search_term_string"}],"inLanguage":"en-GB"},{"@type":"ImageObject","@id":"https:\/\/joltexlda.pt\/sobre-nos\/#primaryimage","inLanguage":"en-GB","url":"http:\/\/joltexlda.pt\/wp-content\/uploads\/2021\/07\/showroom-1024x436.jpg","contentUrl":"http:\/\/joltexlda.pt\/wp-content\/uploads\/2021\/07\/showroom-1024x436.jpg"},{"@type":"WebPage","@id":"https:\/\/joltexlda.pt\/sobre-nos\/#webpage","url":"https:\/\/joltexlda.pt\/sobre-nos\/","name":"Sobre a Joltex | 25 anos de experi\u00eancia no Com\u00e9rcio de Tecidos","isPartOf":{"@id":"https:\/\/joltexlda.pt\/#website"},"primaryImageOfPage":{"@id":"https:\/\/joltexlda.pt\/sobre-nos\/#primaryimage"},"datePublished":"2021-01-23T19:13:53+00:00","dateModified":"2023-07-10T09:52:21+00:00","description":"A JOLTEX com mais de 25 anos de experi\u00eancia no mercado T\u00eaxtil afirma-se como uma refer\u00eancia no com\u00e9rcio de artigos para vestu\u00e1rio.","breadcrumb":{"@id":"https:\/\/joltexlda.pt\/sobre-nos\/#breadcrumb"},"inLanguage":"en-GB","potentialAction":[{"@type":"ReadAction","target":["https:\/\/joltexlda.pt\/sobre-nos\/"]}]},{"@type":"BreadcrumbList","@id":"https:\/\/joltexlda.pt\/sobre-nos\/#breadcrumb","itemListElement":[{"@type":"ListItem","position":1,"name":"Sobre N\u00f3s"}]}]}},"post_mailing_queue_ids":[],"_links":{"self":[{"href":"https:\/\/joltexlda.pt\/en\/wp-json\/wp\/v2\/pages\/82"}],"collection":[{"href":"https:\/\/joltexlda.pt\/en\/wp-json\/wp\/v2\/pages"}],"about":[{"href":"https:\/\/joltexlda.pt\/en\/wp-json\/wp\/v2\/types\/page"}],"author":[{"embeddable":true,"href":"https:\/\/joltexlda.pt\/en\/wp-json\/wp\/v2\/users\/1"}],"replies":[{"embeddable":true,"href":"https:\/\/joltexlda.pt\/en\/wp-json\/wp\/v2\/comments?post=82"}],"version-history":[{"count":41,"href":"https:\/\/joltexlda.pt\/en\/wp-json\/wp\/v2\/pages\/82\/revisions"}],"predecessor-version":[{"id":1635,"href":"https:\/\/joltexlda.pt\/en\/wp-json\/wp\/v2\/pages\/82\/revisions\/1635"}],"wp:attachment":[{"href":"https:\/\/joltexlda.pt\/en\/wp-json\/wp\/v2\/media?parent=82"}],"curies":[{"name":"wp","href":"https:\/\/api.w.org\/{rel}","templated":true}]}}