{"id":80,"date":"2021-01-23T16:13:26","date_gmt":"2021-01-23T19:13:26","guid":{"rendered":"https:\/\/joltex.pt\/?page_id=80"},"modified":"2022-11-28T12:32:39","modified_gmt":"2022-11-28T12:32:39","slug":"contacto","status":"publish","type":"page","link":"https:\/\/joltexlda.pt\/en\/contacto\/","title":{"rendered":"Contacts"},"content":{"rendered":"","protected":false},"excerpt":{"rendered":"","protected":false},"author":1,"featured_media":0,"parent":0,"menu_order":0,"comment_status":"closed","ping_status":"closed","template":"contact-template.php","meta":[],"yoast_head":"<!-- This site is optimized with the Yoast SEO plugin v18.2 - https:\/\/yoast.com\/wordpress\/plugins\/seo\/ -->\n<title>Contactos Joltex | Com\u00e9rcio de T\u00eaxteis em Guimar\u00e3es<\/title>\n<meta name=\"robots\" content=\"index, follow, max-snippet:-1, max-image-preview:large, max-video-preview:-1\" \/>\n<link rel=\"canonical\" href=\"https:\/\/joltexlda.pt\/en\/contacto\/\" \/>\n<meta property=\"og:locale\" content=\"en_GB\" \/>\n<meta property=\"og:type\" content=\"article\" \/>\n<meta property=\"og:title\" content=\"Contactos Joltex | Com\u00e9rcio de T\u00eaxteis em Guimar\u00e3es\" \/>\n<meta property=\"og:url\" content=\"https:\/\/joltexlda.pt\/en\/contacto\/\" \/>\n<meta property=\"og:site_name\" content=\"Joltex - Joaquim Lima, Lda.\" \/>\n<meta property=\"article:modified_time\" content=\"2022-11-28T12:32:39+00:00\" \/>\n<meta name=\"twitter:card\" content=\"summary_large_image\" \/>\n<script type=\"application\/ld+json\" class=\"yoast-schema-graph\">{\"@context\":\"https:\/\/schema.org\",\"@graph\":[{\"@type\":\"WebSite\",\"@id\":\"https:\/\/joltexlda.pt\/#website\",\"url\":\"https:\/\/joltexlda.pt\/\",\"name\":\"Joltex - Joaquim Lima, Lda.\",\"description\":\"Com\u00e9rcio de Tecidos: Importa\u00e7\u00e3o e Exporta\u00e7\u00e3o\",\"potentialAction\":[{\"@type\":\"SearchAction\",\"target\":{\"@type\":\"EntryPoint\",\"urlTemplate\":\"https:\/\/joltexlda.pt\/?s={search_term_string}\"},\"query-input\":\"required name=search_term_string\"}],\"inLanguage\":\"en-GB\"},{\"@type\":\"WebPage\",\"@id\":\"https:\/\/joltexlda.pt\/contacto\/#webpage\",\"url\":\"https:\/\/joltexlda.pt\/contacto\/\",\"name\":\"Contactos Joltex | Com\u00e9rcio de T\u00eaxteis em Guimar\u00e3es\",\"isPartOf\":{\"@id\":\"https:\/\/joltexlda.pt\/#website\"},\"datePublished\":\"2021-01-23T19:13:26+00:00\",\"dateModified\":\"2022-11-28T12:32:39+00:00\",\"breadcrumb\":{\"@id\":\"https:\/\/joltexlda.pt\/contacto\/#breadcrumb\"},\"inLanguage\":\"en-GB\",\"potentialAction\":[{\"@type\":\"ReadAction\",\"target\":[\"https:\/\/joltexlda.pt\/contacto\/\"]}]},{\"@type\":\"BreadcrumbList\",\"@id\":\"https:\/\/joltexlda.pt\/contacto\/#breadcrumb\",\"itemListElement\":[{\"@type\":\"ListItem\",\"position\":1,\"name\":\"Contactos\"}]}]}<\/script>\n<!-- \/ Yoast SEO plugin. -->","yoast_head_json":{"title":"Contactos Joltex | Com\u00e9rcio de T\u00eaxteis em Guimar\u00e3es","robots":{"index":"index","follow":"follow","max-snippet":"max-snippet:-1","max-image-preview":"max-image-preview:large","max-video-preview":"max-video-preview:-1"},"canonical":"https:\/\/joltexlda.pt\/en\/contacto\/","og_locale":"en_GB","og_type":"article","og_title":"Contactos Joltex | Com\u00e9rcio de T\u00eaxteis em Guimar\u00e3es","og_url":"https:\/\/joltexlda.pt\/en\/contacto\/","og_site_name":"Joltex - Joaquim Lima, Lda.","article_modified_time":"2022-11-28T12:32:39+00:00","twitter_card":"summary_large_image","schema":{"@context":"https:\/\/schema.org","@graph":[{"@type":"WebSite","@id":"https:\/\/joltexlda.pt\/#website","url":"https:\/\/joltexlda.pt\/","name":"Joltex - Joaquim Lima, Lda.","description":"Textiles: Import and Export Trade","potentialAction":[{"@type":"SearchAction","target":{"@type":"EntryPoint","urlTemplate":"https:\/\/joltexlda.pt\/?s={search_term_string}"},"query-input":"required name=search_term_string"}],"inLanguage":"en-GB"},{"@type":"WebPage","@id":"https:\/\/joltexlda.pt\/contacto\/#webpage","url":"https:\/\/joltexlda.pt\/contacto\/","name":"Contactos Joltex | Com\u00e9rcio de T\u00eaxteis em Guimar\u00e3es","isPartOf":{"@id":"https:\/\/joltexlda.pt\/#website"},"datePublished":"2021-01-23T19:13:26+00:00","dateModified":"2022-11-28T12:32:39+00:00","breadcrumb":{"@id":"https:\/\/joltexlda.pt\/contacto\/#breadcrumb"},"inLanguage":"en-GB","potentialAction":[{"@type":"ReadAction","target":["https:\/\/joltexlda.pt\/contacto\/"]}]},{"@type":"BreadcrumbList","@id":"https:\/\/joltexlda.pt\/contacto\/#breadcrumb","itemListElement":[{"@type":"ListItem","position":1,"name":"Contactos"}]}]}},"post_mailing_queue_ids":[],"_links":{"self":[{"href":"https:\/\/joltexlda.pt\/en\/wp-json\/wp\/v2\/pages\/80"}],"collection":[{"href":"https:\/\/joltexlda.pt\/en\/wp-json\/wp\/v2\/pages"}],"about":[{"href":"https:\/\/joltexlda.pt\/en\/wp-json\/wp\/v2\/types\/page"}],"author":[{"embeddable":true,"href":"https:\/\/joltexlda.pt\/en\/wp-json\/wp\/v2\/users\/1"}],"replies":[{"embeddable":true,"href":"https:\/\/joltexlda.pt\/en\/wp-json\/wp\/v2\/comments?post=80"}],"version-history":[{"count":2,"href":"https:\/\/joltexlda.pt\/en\/wp-json\/wp\/v2\/pages\/80\/revisions"}],"predecessor-version":[{"id":253,"href":"https:\/\/joltexlda.pt\/en\/wp-json\/wp\/v2\/pages\/80\/revisions\/253"}],"wp:attachment":[{"href":"https:\/\/joltexlda.pt\/en\/wp-json\/wp\/v2\/media?parent=80"}],"curies":[{"name":"wp","href":"https:\/\/api.w.org\/{rel}","templated":true}]}}