{"id":10,"date":"2021-01-16T11:33:35","date_gmt":"2021-01-16T14:33:35","guid":{"rendered":"https:\/\/joltex.eltonfonseca.dev\/?page_id=10"},"modified":"2021-08-03T07:54:53","modified_gmt":"2021-08-03T10:54:53","slug":"home","status":"publish","type":"page","link":"https:\/\/joltexlda.pt\/en\/","title":{"rendered":"Home"},"content":{"rendered":"","protected":false},"excerpt":{"rendered":"","protected":false},"author":1,"featured_media":0,"parent":0,"menu_order":0,"comment_status":"closed","ping_status":"closed","template":"home-template.php","meta":[],"yoast_head":"<!-- This site is optimized with the Yoast SEO plugin v18.2 - https:\/\/yoast.com\/wordpress\/plugins\/seo\/ -->\n<title>Home: Joltex - Joaquim Lima, Lda. | Com\u00e9rcio de Tecidos em Guimar\u00e3es<\/title>\n<meta name=\"description\" content=\"25 anos de Com\u00e9rcio de Tecidos dos mais variados tipos. Trabalhamos na importa\u00e7\u00e3o e exporta\u00e7\u00e3o dos mesmos, com in\u00fameros servi\u00e7os associados.\" \/>\n<meta name=\"robots\" content=\"index, follow, max-snippet:-1, max-image-preview:large, max-video-preview:-1\" \/>\n<link rel=\"canonical\" href=\"https:\/\/joltexlda.pt\/en\/\" \/>\n<meta property=\"og:locale\" content=\"en_GB\" \/>\n<meta property=\"og:type\" content=\"article\" \/>\n<meta property=\"og:title\" content=\"Home: Joltex - Joaquim Lima, Lda. | Com\u00e9rcio de Tecidos em Guimar\u00e3es\" \/>\n<meta property=\"og:description\" content=\"25 anos de Com\u00e9rcio de Tecidos dos mais variados tipos. Trabalhamos na importa\u00e7\u00e3o e exporta\u00e7\u00e3o dos mesmos, com in\u00fameros servi\u00e7os associados.\" \/>\n<meta property=\"og:url\" content=\"https:\/\/joltexlda.pt\/en\/\" \/>\n<meta property=\"og:site_name\" content=\"Joltex - Joaquim Lima, Lda.\" \/>\n<meta property=\"article:modified_time\" content=\"2021-08-03T10:54:53+00:00\" \/>\n<meta name=\"twitter:card\" content=\"summary_large_image\" \/>\n<script type=\"application\/ld+json\" class=\"yoast-schema-graph\">{\"@context\":\"https:\/\/schema.org\",\"@graph\":[{\"@type\":\"WebSite\",\"@id\":\"https:\/\/joltexlda.pt\/#website\",\"url\":\"https:\/\/joltexlda.pt\/\",\"name\":\"Joltex - Joaquim Lima, Lda.\",\"description\":\"Com\u00e9rcio de Tecidos: Importa\u00e7\u00e3o e Exporta\u00e7\u00e3o\",\"potentialAction\":[{\"@type\":\"SearchAction\",\"target\":{\"@type\":\"EntryPoint\",\"urlTemplate\":\"https:\/\/joltexlda.pt\/?s={search_term_string}\"},\"query-input\":\"required name=search_term_string\"}],\"inLanguage\":\"en-GB\"},{\"@type\":\"WebPage\",\"@id\":\"https:\/\/joltexlda.pt\/#webpage\",\"url\":\"https:\/\/joltexlda.pt\/\",\"name\":\"Home: Joltex - Joaquim Lima, Lda. | Com\u00e9rcio de Tecidos em Guimar\u00e3es\",\"isPartOf\":{\"@id\":\"https:\/\/joltexlda.pt\/#website\"},\"datePublished\":\"2021-01-16T14:33:35+00:00\",\"dateModified\":\"2021-08-03T10:54:53+00:00\",\"description\":\"25 anos de Com\u00e9rcio de Tecidos dos mais variados tipos. Trabalhamos na importa\u00e7\u00e3o e exporta\u00e7\u00e3o dos mesmos, com in\u00fameros servi\u00e7os associados.\",\"breadcrumb\":{\"@id\":\"https:\/\/joltexlda.pt\/#breadcrumb\"},\"inLanguage\":\"en-GB\",\"potentialAction\":[{\"@type\":\"ReadAction\",\"target\":[\"https:\/\/joltexlda.pt\/\"]}]},{\"@type\":\"BreadcrumbList\",\"@id\":\"https:\/\/joltexlda.pt\/#breadcrumb\",\"itemListElement\":[{\"@type\":\"ListItem\",\"position\":1,\"name\":\"Home\"}]}]}<\/script>\n<!-- \/ Yoast SEO plugin. -->","yoast_head_json":{"title":"Home: Joltex - Joaquim Lima, Lda. | Com\u00e9rcio de Tecidos em Guimar\u00e3es","description":"25 anos de Com\u00e9rcio de Tecidos dos mais variados tipos. Trabalhamos na importa\u00e7\u00e3o e exporta\u00e7\u00e3o dos mesmos, com in\u00fameros servi\u00e7os associados.","robots":{"index":"index","follow":"follow","max-snippet":"max-snippet:-1","max-image-preview":"max-image-preview:large","max-video-preview":"max-video-preview:-1"},"canonical":"https:\/\/joltexlda.pt\/en\/","og_locale":"en_GB","og_type":"article","og_title":"Home: Joltex - Joaquim Lima, Lda. | Com\u00e9rcio de Tecidos em Guimar\u00e3es","og_description":"25 anos de Com\u00e9rcio de Tecidos dos mais variados tipos. Trabalhamos na importa\u00e7\u00e3o e exporta\u00e7\u00e3o dos mesmos, com in\u00fameros servi\u00e7os associados.","og_url":"https:\/\/joltexlda.pt\/en\/","og_site_name":"Joltex - Joaquim Lima, Lda.","article_modified_time":"2021-08-03T10:54:53+00:00","twitter_card":"summary_large_image","schema":{"@context":"https:\/\/schema.org","@graph":[{"@type":"WebSite","@id":"https:\/\/joltexlda.pt\/#website","url":"https:\/\/joltexlda.pt\/","name":"Joltex - Joaquim Lima, Lda.","description":"Textiles: Import and Export Trade","potentialAction":[{"@type":"SearchAction","target":{"@type":"EntryPoint","urlTemplate":"https:\/\/joltexlda.pt\/?s={search_term_string}"},"query-input":"required name=search_term_string"}],"inLanguage":"en-GB"},{"@type":"WebPage","@id":"https:\/\/joltexlda.pt\/#webpage","url":"https:\/\/joltexlda.pt\/","name":"Home: Joltex - Joaquim Lima, Lda. | Com\u00e9rcio de Tecidos em Guimar\u00e3es","isPartOf":{"@id":"https:\/\/joltexlda.pt\/#website"},"datePublished":"2021-01-16T14:33:35+00:00","dateModified":"2021-08-03T10:54:53+00:00","description":"25 anos de Com\u00e9rcio de Tecidos dos mais variados tipos. Trabalhamos na importa\u00e7\u00e3o e exporta\u00e7\u00e3o dos mesmos, com in\u00fameros servi\u00e7os associados.","breadcrumb":{"@id":"https:\/\/joltexlda.pt\/#breadcrumb"},"inLanguage":"en-GB","potentialAction":[{"@type":"ReadAction","target":["https:\/\/joltexlda.pt\/"]}]},{"@type":"BreadcrumbList","@id":"https:\/\/joltexlda.pt\/#breadcrumb","itemListElement":[{"@type":"ListItem","position":1,"name":"Home"}]}]}},"post_mailing_queue_ids":[],"_links":{"self":[{"href":"https:\/\/joltexlda.pt\/en\/wp-json\/wp\/v2\/pages\/10"}],"collection":[{"href":"https:\/\/joltexlda.pt\/en\/wp-json\/wp\/v2\/pages"}],"about":[{"href":"https:\/\/joltexlda.pt\/en\/wp-json\/wp\/v2\/types\/page"}],"author":[{"embeddable":true,"href":"https:\/\/joltexlda.pt\/en\/wp-json\/wp\/v2\/users\/1"}],"replies":[{"embeddable":true,"href":"https:\/\/joltexlda.pt\/en\/wp-json\/wp\/v2\/comments?post=10"}],"version-history":[{"count":1,"href":"https:\/\/joltexlda.pt\/en\/wp-json\/wp\/v2\/pages\/10\/revisions"}],"predecessor-version":[{"id":11,"href":"https:\/\/joltexlda.pt\/en\/wp-json\/wp\/v2\/pages\/10\/revisions\/11"}],"wp:attachment":[{"href":"https:\/\/joltexlda.pt\/en\/wp-json\/wp\/v2\/media?parent=10"}],"curies":[{"name":"wp","href":"https:\/\/api.w.org\/{rel}","templated":true}]}}